{"id":596,"date":"2018-07-09T10:59:32","date_gmt":"2018-07-09T08:59:32","guid":{"rendered":"http:\/\/apartmanihrvatin.com\/apartmani\/"},"modified":"2020-08-12T14:53:00","modified_gmt":"2020-08-12T12:53:00","slug":"appartements","status":"publish","type":"page","link":"https:\/\/apartmanihrvatin.com\/de\/appartements\/","title":{"rendered":"Appartements"},"content":{"rendered":"<p>[vc_row full_width=&#8221;stretch_row_content_no_spaces&#8221; css=&#8221;.vc_custom_1501097463147{margin-top: 0px !important;margin-bottom: 0px !important;border-top-width: 0px !important;border-bottom-width: 0px !important;padding-top: 0px !important;padding-bottom: 0px !important;}&#8221;][vc_column css=&#8221;.vc_custom_1501097471539{margin-top: 0px !important;margin-bottom: 0px !important;border-top-width: 0px !important;border-bottom-width: 0px !important;padding-top: 0px !important;padding-bottom: 0px !important;}&#8221;][vc_single_image image=&#8221;558&#8243; img_size=&#8221;full&#8221; css=&#8221;.vc_custom_1531145630848{margin-top: 0px !important;margin-bottom: 0px !important;border-top-width: 0px !important;border-bottom-width: 0px !important;padding-top: 0px !important;padding-bottom: 0px !important;}&#8221; el_class=&#8221;velika-fotka&#8221;][\/vc_column][\/vc_row][vc_row full_width=&#8221;stretch_row&#8221; el_class=&#8221;prvi-div&#8221;][vc_column]<div id=\"ultimate-heading-747169de27620d2bd\" class=\"uvc-heading ult-adjust-bottom-margin ultimate-heading-747169de27620d2bd uvc-3221 naslov\" data-hspacer=\"no_spacer\"  data-halign=\"center\" style=\"text-align:center\"><div class=\"uvc-heading-spacer no_spacer\" style=\"top\"><\/div><div class=\"uvc-main-heading ult-responsive\"  data-ultimate-target='.uvc-heading.ultimate-heading-747169de27620d2bd h2'  data-responsive-json-new='{\"font-size\":\"\",\"line-height\":\"\"}' ><h2 style=\"font-weight:normal;\">Unsere Appartements<\/h2><\/div><\/div>[\/vc_column][\/vc_row][vc_row content_placement=&#8221;middle&#8221;][vc_column width=&#8221;1\/12&#8243;][\/vc_column][vc_column css_animation=&#8221;fadeInLeftBig&#8221; width=&#8221;1\/3&#8243; el_class=&#8221;okvir-lijevo&#8221; css=&#8221;.vc_custom_1501095735545{background-color: #ede8ef !important;}&#8221; el_id=&#8221;app_1_opis&#8221;][vc_column_text el_id=&#8221;app_1_opis&#8221; el_class=&#8221;app_opis&#8221;]<\/p>\n<h4>Appartement <i class=\"icon-star\" style=\"\"><\/i><i class=\"icon-star\" style=\"\"><\/i><i class=\"icon-star\" style=\"\"><\/i><\/h4>\n<p>Kapazit\u00e4t: 3 Personen, 48 m<sup>2<\/sup><\/p>\n<p>Es ist f\u00fcr 3 Personen vorgesehen. Es besteht aus einem ger\u00e4umigen Doppelzimmer mit Doppelbett, Einzelzimmer mit Meerblick und m\u00f6blierten Terrassen.<\/p>\n<p style=\"text-align: center;\"><a class=\"mfn-link mfn-link-8 \" href=\"http:\/\/apartmanihrvatin.com\/de\/appartements\/appartement\/\" data-hover=\"Mehr Infos\" ontouchstart=\"this.classList.toggle('hover');\"  ><span data-hover=\"Mehr Infos\">Mehr Infos<\/span><\/a><\/p>\n<p>[\/vc_column_text][\/vc_column][vc_column css_animation=&#8221;fadeInRightBig&#8221; width=&#8221;1\/2&#8243; el_class=&#8221;fotka-okvir&#8221; el_id=&#8221;app_1_fotka&#8221;]<div class=\"ult-new-ib ult-ib-effect-style4 fotka-cool ult-ib-resp   vc_custom_1531984966830\" data-min-width=\"768\" data-max-width=\"900\" style=\"\" data-opacity=\"1\" data-hover-opacity=\"1\" ><img class=\"ult-new-ib-img\" style=\"opacity:1;\" alt=\"Apartmani Hrvatin - Apartman\" src=\"https:\/\/apartmanihrvatin.com\/wp-content\/uploads\/2017\/07\/front_app_1-1.jpg\"   \/><div id=\"interactive-banner-wrap-7028\" class=\"ult-new-ib-desc\" style=\"\"><h2 class=\"ult-new-ib-title ult-responsive\"  data-ultimate-target='#interactive-banner-wrap-7028 .ult-new-ib-title'  data-responsive-json-new='{\"font-size\":\"\",\"line-height\":\"\"}'  style=\"font-weight:normal;\"><\/h2><div class=\"ult-new-ib-content ult-responsive\"  data-ultimate-target='#interactive-banner-wrap-7028 .ult-new-ib-content'  data-responsive-json-new='{\"font-size\":\"\",\"line-height\":\"\"}'  style=\"font-weight:normal;color:#ffffff;\"><p><\/p>\n<h2>Appartement<\/h2>\n<p><\/p><\/div><\/div><a class=\"ult-new-ib-link\" href=\"http:\/\/apartmanihrvatin.com\/de\/appartements\/appartement\/\"  ><\/a><\/div><script type=\"text\/javascript\">\r\n\t\t\t(function($){\r\n\t\t\t\t$(document).ready(function(){\r\n\t\t\t\t\t$(\".ult-new-ib\").css(\"opacity\",\"1\");\r\n\t\t\t\t});\r\n\t\t\t})(jQuery);\r\n\t\t\t<\/script>[\/vc_column][vc_column width=&#8221;1\/12&#8243;][\/vc_column][\/vc_row][vc_row content_placement=&#8221;middle&#8221; css=&#8221;.vc_custom_1501094833055{margin-top: 100px !important;}&#8221;][vc_column width=&#8221;1\/12&#8243;][\/vc_column][vc_column css_animation=&#8221;fadeInLeftBig&#8221; width=&#8221;1\/2&#8243; el_class=&#8221;fotka-okvir&#8221; el_id=&#8221;app_2_fotka&#8221;]<div class=\"ult-new-ib ult-ib-effect-style4 fotka-cool ult-ib-resp   vc_custom_1531985046275\" data-min-width=\"768\" data-max-width=\"900\" style=\"\" data-opacity=\"1\" data-hover-opacity=\"1\" ><img class=\"ult-new-ib-img\" style=\"opacity:1;\" alt=\"Apartmani Hrvatin - Studio apartman 1\" src=\"https:\/\/apartmanihrvatin.com\/wp-content\/uploads\/2017\/07\/front_app_2-1.jpg\"   \/><div id=\"interactive-banner-wrap-6550\" class=\"ult-new-ib-desc\" style=\"\"><h2 class=\"ult-new-ib-title ult-responsive\"  data-ultimate-target='#interactive-banner-wrap-6550 .ult-new-ib-title'  data-responsive-json-new='{\"font-size\":\"\",\"line-height\":\"\"}'  style=\"font-weight:normal;\"><\/h2><div class=\"ult-new-ib-content ult-responsive\"  data-ultimate-target='#interactive-banner-wrap-6550 .ult-new-ib-content'  data-responsive-json-new='{\"font-size\":\"\",\"line-height\":\"\"}'  style=\"font-weight:normal;color:#ffffff;\"><p><\/p>\n<h2>Studio Appartement 1<\/h2>\n<p><\/p><\/div><\/div><a class=\"ult-new-ib-link\" href=\"http:\/\/apartmanihrvatin.com\/de\/appartements\/studio-appartement-1\/\"  ><\/a><\/div><script type=\"text\/javascript\">\r\n\t\t\t(function($){\r\n\t\t\t\t$(document).ready(function(){\r\n\t\t\t\t\t$(\".ult-new-ib\").css(\"opacity\",\"1\");\r\n\t\t\t\t});\r\n\t\t\t})(jQuery);\r\n\t\t\t<\/script>[\/vc_column][vc_column css_animation=&#8221;fadeInRightBig&#8221; width=&#8221;1\/3&#8243; el_class=&#8221;okvir-desno&#8221; css=&#8221;.vc_custom_1501095710657{background-color: #ede8ef !important;}&#8221; el_id=&#8221;app_2_opis&#8221;][vc_column_text el_class=&#8221;app_opis&#8221;]<\/p>\n<h4>Studio Appartement 1 <i class=\"icon-star\" style=\"\"><\/i><i class=\"icon-star\" style=\"\"><\/i><i class=\"icon-star\" style=\"\"><\/i><i class=\"icon-star\" style=\"\"><\/i><\/h4>\n<p>Kapazit\u00e4t: 2+2 Personen, 45m<sup>2<\/sup><\/p>\n<p>Komplett ausgestattet f\u00fcr 2 + 2 Personen, mit einem Doppelbett und einem Schlafsofa im gro\u00dfen Schlafzimmer mit einem komfortablen Interieur mit einem LCD-TV, Wi-Fi-Verbindung und Klimaanlage.<\/p>\n<p style=\"text-align: center;\"><a class=\"mfn-link mfn-link-8 \" href=\"http:\/\/apartmanihrvatin.com\/de\/appartements\/studio-appartement-1\/\" data-hover=\"Mehr Infos\" ontouchstart=\"this.classList.toggle('hover');\"  ><span data-hover=\"Mehr Infos\">Mehr Infos<\/span><\/a><\/p>\n<p>[\/vc_column_text][\/vc_column][vc_column width=&#8221;1\/12&#8243;][\/vc_column][\/vc_row][vc_row content_placement=&#8221;middle&#8221; css=&#8221;.vc_custom_1531145702211{margin-top: 100px !important;margin-bottom: 60px !important;}&#8221;][vc_column width=&#8221;1\/12&#8243;][\/vc_column][vc_column css_animation=&#8221;fadeInLeftBig&#8221; width=&#8221;1\/3&#8243; el_class=&#8221;okvir-lijevo&#8221; css=&#8221;.vc_custom_1531126412902{background-color: #ede8ef !important;}&#8221; el_id=&#8221;app_3_opis&#8221;][vc_column_text el_id=&#8221;app_3_opis&#8221; el_class=&#8221;app_opis&#8221;]<\/p>\n<h4>Studio Appartement 2 <i class=\"icon-star\" style=\"\"><\/i><i class=\"icon-star\" style=\"\"><\/i><i class=\"icon-star\" style=\"\"><\/i><i class=\"icon-star\" style=\"\"><\/i><\/h4>\n<p>Kapazit\u00e4t: 2+2 Personen, 45 m<sup>2<\/sup><\/p>\n<p>Die letzte von drei Wohneinheiten, geeignet f\u00fcr 2 + 2 Personen Aufenthalte, in einem Einzelzimmer mit einem Doppelbett und einem Schlafsofa im Wohnzimmer.<\/p>\n<p style=\"text-align: center;\"><a class=\"mfn-link mfn-link-8 \" href=\"http:\/\/apartmanihrvatin.com\/de\/appartements\/studio-appartement-2\/\" data-hover=\"Mehr Infos\" ontouchstart=\"this.classList.toggle('hover');\"  ><span data-hover=\"Mehr Infos\">Mehr Infos<\/span><\/a><\/p>\n<p>[\/vc_column_text][\/vc_column][vc_column css_animation=&#8221;fadeInRightBig&#8221; width=&#8221;1\/2&#8243; el_class=&#8221;fotka-okvir&#8221; el_id=&#8221;app_3_fotka&#8221;]<div class=\"ult-new-ib ult-ib-effect-style4 fotka-cool ult-ib-resp   vc_custom_1531985137548\" data-min-width=\"768\" data-max-width=\"900\" style=\"\" data-opacity=\"1\" data-hover-opacity=\"1\" ><img class=\"ult-new-ib-img\" style=\"opacity:1;\" alt=\"Apartmani Hrvatin - Studio apartman 2\" src=\"https:\/\/apartmanihrvatin.com\/wp-content\/uploads\/2017\/07\/front_app_3.jpg\"   \/><div id=\"interactive-banner-wrap-1300\" class=\"ult-new-ib-desc\" style=\"\"><h2 class=\"ult-new-ib-title ult-responsive\"  data-ultimate-target='#interactive-banner-wrap-1300 .ult-new-ib-title'  data-responsive-json-new='{\"font-size\":\"\",\"line-height\":\"\"}'  style=\"font-weight:normal;\"><\/h2><div class=\"ult-new-ib-content ult-responsive\"  data-ultimate-target='#interactive-banner-wrap-1300 .ult-new-ib-content'  data-responsive-json-new='{\"font-size\":\"\",\"line-height\":\"\"}'  style=\"font-weight:normal;color:#ffffff;\"><p><\/p>\n<h2>Studio Appartement 2<\/h2>\n<p><\/p><\/div><\/div><a class=\"ult-new-ib-link\" href=\"http:\/\/apartmanihrvatin.com\/de\/appartements\/studio-appartement-2\/\"  ><\/a><\/div><script type=\"text\/javascript\">\r\n\t\t\t(function($){\r\n\t\t\t\t$(document).ready(function(){\r\n\t\t\t\t\t$(\".ult-new-ib\").css(\"opacity\",\"1\");\r\n\t\t\t\t});\r\n\t\t\t})(jQuery);\r\n\t\t\t<\/script>[\/vc_column][vc_column width=&#8221;1\/12&#8243;][\/vc_column][\/vc_row][vc_row][vc_column][vc_raw_js]JTNDc2NyaXB0JTIwdHlwZSUzRCUyMnRleHQlMkZqYXZhc2NyaXB0JTIyJTNFJTBBalF1ZXJ5JTI4ZnVuY3Rpb24lMjglMjQlMjklMjAlN0IlMEElMEElMEElMjQlMjglMjAlMjIlMjNhcHBfMV9vcGlzJTIwLnZjX2NvbHVtbi1pbm5lciUyMiUyMCUyOS5ob3ZlciUyOCUwQSUyMCUyMGZ1bmN0aW9uJTI4JTI5JTIwJTdCJTBBJTIwJTIwJTIwJTIwJTI0JTI4JTIwJTIyJTIzYXBwXzFfZm90a2ElMjAuZm90a2EtY29vbCUyMiUyOS5hZGRDbGFzcyUyOCUyMCUyMm96bmFjaS1tZSUyMiUyMCUyOSUzQiUwQSUyMCUyMCU3RCUyQyUyMGZ1bmN0aW9uJTI4JTI5JTIwJTdCJTBBJTIwJTIwJTIwJTIwJTI0JTI4JTIwJTIyJTIzYXBwXzFfZm90a2ElMjAuZm90a2EtY29vbCUyMiUyOS5yZW1vdmVDbGFzcyUyOCUyMCUyMm96bmFjaS1tZSUyMiUyMCUyOSUzQiUwQSUyMCUyMCU3RCUwQSUyOSUzQiUwQSUwQSUyNCUyOCUyMCUyMiUyM2FwcF8yX29waXMlMjAudmNfY29sdW1uLWlubmVyJTIyJTIwJTI5LmhvdmVyJTI4JTBBJTIwJTIwZnVuY3Rpb24lMjglMjklMjAlN0IlMEElMjAlMjAlMjAlMjAlMjQlMjglMjAlMjIlMjNhcHBfMl9mb3RrYSUyMC5mb3RrYS1jb29sJTIyJTI5LmFkZENsYXNzJTI4JTIwJTIyb3puYWNpLW1lJTIyJTIwJTI5JTNCJTBBJTIwJTIwJTdEJTJDJTIwZnVuY3Rpb24lMjglMjklMjAlN0IlMEElMjAlMjAlMjAlMjAlMjQlMjglMjAlMjIlMjNhcHBfMl9mb3RrYSUyMC5mb3RrYS1jb29sJTIyJTI5LnJlbW92ZUNsYXNzJTI4JTIwJTIyb3puYWNpLW1lJTIyJTIwJTI5JTNCJTBBJTIwJTIwJTdEJTBBJTI5JTNCJTBBJTBBJTI0JTI4JTIwJTIyJTIzYXBwXzNfb3BpcyUyMC52Y19jb2x1bW4taW5uZXIlMjIlMjAlMjkuaG92ZXIlMjglMEElMjAlMjBmdW5jdGlvbiUyOCUyOSUyMCU3QiUwQSUyMCUyMCUyMCUyMCUyNCUyOCUyMCUyMiUyM2FwcF8zX2ZvdGthJTIwLmZvdGthLWNvb2wlMjIlMjkuYWRkQ2xhc3MlMjglMjAlMjJvem5hY2ktbWUlMjIlMjAlMjklM0IlMEElMjAlMjAlN0QlMkMlMjBmdW5jdGlvbiUyOCUyOSUyMCU3QiUwQSUyMCUyMCUyMCUyMCUyNCUyOCUyMCUyMiUyM2FwcF8zX2ZvdGthJTIwLmZvdGthLWNvb2wlMjIlMjkucmVtb3ZlQ2xhc3MlMjglMjAlMjJvem5hY2ktbWUlMjIlMjAlMjklM0IlMEElMjAlMjAlN0QlMEElMjklM0IlMEElMEElMjAlMjAlN0QlMjklM0IlMEElM0MlMkZzY3JpcHQlM0U=[\/vc_raw_js][\/vc_column][\/vc_row]<\/p>\n","protected":false},"excerpt":{"rendered":"<p>[vc_row full_width=&#8221;stretch_row_content_no_spaces&#8221; css=&#8221;.vc_custom_1501097463147{margin-top: 0px !important;margin-bottom: 0px !important;border-top-width: 0px !important;border-bottom-width: 0px !important;padding-top: 0px !important;padding-bottom: 0px !important;}&#8221;][vc_column css=&#8221;.vc_custom_1501097471539{margin-top: 0px !important;margin-bottom: 0px !important;border-top-width: 0px !important;border-bottom-width: 0px !important;padding-top: 0px !important;padding-bottom:<span class=\"excerpt-hellip\"> [\u2026]<\/span><\/p>\n","protected":false},"author":1,"featured_media":0,"parent":0,"menu_order":0,"comment_status":"closed","ping_status":"closed","template":"","meta":[],"_links":{"self":[{"href":"https:\/\/apartmanihrvatin.com\/de\/wp-json\/wp\/v2\/pages\/596"}],"collection":[{"href":"https:\/\/apartmanihrvatin.com\/de\/wp-json\/wp\/v2\/pages"}],"about":[{"href":"https:\/\/apartmanihrvatin.com\/de\/wp-json\/wp\/v2\/types\/page"}],"author":[{"embeddable":true,"href":"https:\/\/apartmanihrvatin.com\/de\/wp-json\/wp\/v2\/users\/1"}],"replies":[{"embeddable":true,"href":"https:\/\/apartmanihrvatin.com\/de\/wp-json\/wp\/v2\/comments?post=596"}],"version-history":[{"count":5,"href":"https:\/\/apartmanihrvatin.com\/de\/wp-json\/wp\/v2\/pages\/596\/revisions"}],"predecessor-version":[{"id":1067,"href":"https:\/\/apartmanihrvatin.com\/de\/wp-json\/wp\/v2\/pages\/596\/revisions\/1067"}],"wp:attachment":[{"href":"https:\/\/apartmanihrvatin.com\/de\/wp-json\/wp\/v2\/media?parent=596"}],"curies":[{"name":"wp","href":"https:\/\/api.w.org\/{rel}","templated":true}]}}