{"id":348,"date":"2017-07-26T21:23:49","date_gmt":"2017-07-26T19:23:49","guid":{"rendered":"http:\/\/apartmanihrvatin.com\/o-nama\/"},"modified":"2020-09-14T14:19:29","modified_gmt":"2020-09-14T12:19:29","slug":"uber-uns","status":"publish","type":"page","link":"https:\/\/apartmanihrvatin.com\/de\/uber-uns\/","title":{"rendered":"\u00dcber uns"},"content":{"rendered":"<p>[vc_row full_width=&#8221;stretch_row_content_no_spaces&#8221; css=&#8221;.vc_custom_1501097463147{margin-top: 0px !important;margin-bottom: 0px !important;border-top-width: 0px !important;border-bottom-width: 0px !important;padding-top: 0px !important;padding-bottom: 0px !important;}&#8221;][vc_column css=&#8221;.vc_custom_1501097471539{margin-top: 0px !important;margin-bottom: 0px !important;border-top-width: 0px !important;border-bottom-width: 0px !important;padding-top: 0px !important;padding-bottom: 0px !important;}&#8221;][vc_single_image image=&#8221;555&#8243; img_size=&#8221;full&#8221; css=&#8221;.vc_custom_1531145341923{margin-top: 0px !important;margin-bottom: 0px !important;border-top-width: 0px !important;border-bottom-width: 0px !important;padding-top: 0px !important;padding-bottom: 0px !important;}&#8221; el_class=&#8221;velika-fotka&#8221;][\/vc_column][\/vc_row][vc_row full_width=&#8221;stretch_row&#8221; el_class=&#8221;prvi-div&#8221;][vc_column]<div id=\"ultimate-heading-830569de2ade3e8f0\" class=\"uvc-heading ult-adjust-bottom-margin ultimate-heading-830569de2ade3e8f0 uvc-7512 naslov\" data-hspacer=\"no_spacer\"  data-halign=\"center\" style=\"text-align:center\"><div class=\"uvc-heading-spacer no_spacer\" style=\"top\"><\/div><div class=\"uvc-main-heading ult-responsive\"  data-ultimate-target='.uvc-heading.ultimate-heading-830569de2ade3e8f0 h2'  data-responsive-json-new='{\"font-size\":\"\",\"line-height\":\"\"}' ><h2 style=\"font-weight:normal;\">\u00dcber uns<\/h2><\/div><\/div>[\/vc_column][\/vc_row][vc_row][vc_column width=&#8221;1\/2&#8243;]<div id='wrap_map_69de2ade3e91c' class='ultimate-map-wrapper ult-adjust-bottom-margin ' style=' height:400px;'><div id='map_69de2ade3e91c' data-map_override='0' class='ultimate_google_map wpb_content_element page_margin_top' style='width:100%;height:400px;'><\/div><\/div><script type='text\/javascript'>\r\n\t\t\t(function($) {\r\n  \t\t\t'use strict';\r\n\t\t\tvar map_map_69de2ade3e91c = null;\r\n\t\t\tvar coordinate_map_69de2ade3e91c;\r\n\t\t\tvar isDraggable = $(document).width() > 641 ? true : true;\r\n\t\t\ttry\r\n\t\t\t{\r\n\t\t\t\tvar map_map_69de2ade3e91c = null;\r\n\t\t\t\tvar coordinate_map_69de2ade3e91c;\r\n\t\t\t\tcoordinate_map_69de2ade3e91c=new google.maps.LatLng(45.324332, 14.298071);\r\n\t\t\t\tvar mapOptions=\r\n\t\t\t\t{\r\n\t\t\t\t\tzoom: 14,\r\n\t\t\t\t\tcenter: coordinate_map_69de2ade3e91c,\r\n\t\t\t\t\tscaleControl: true,\r\n\t\t\t\t\tstreetViewControl: false,\r\n\t\t\t\t\tmapTypeControl: false,\r\n\t\t\t\t\tpanControl: false,\r\n\t\t\t\t\tzoomControl: true,\r\n\t\t\t\t\tscrollwheel: true,\r\n\t\t\t\t\tdraggable: isDraggable,\r\n\t\t\t\t\tzoomControlOptions: {\r\n\t\t\t\t\t\tposition: google.maps.ControlPosition.RIGHT_BOTTOM\r\n\t\t\t\t\t},mapTypeId: google.maps.MapTypeId.ROADMAP,};var map_map_69de2ade3e91c = new google.maps.Map(document.getElementById('map_69de2ade3e91c'),mapOptions);\r\n\t\t\t\t\t\tvar x = 'infowindow_open_value';\r\n\t\t\t\t\t\tvar marker_map_69de2ade3e91c = new google.maps.Marker({\r\n\t\t\t\t\t\tposition: new google.maps.LatLng(45.324332, 14.298071),\r\n\t\t\t\t\t\tanimation:  google.maps.Animation.DROP,\r\n\t\t\t\t\t\tmap: map_map_69de2ade3e91c,\r\n\t\t\t\t\t\ticon: ''\r\n\t\t\t\t\t});\tgoogle.maps.event.addListener(marker_map_69de2ade3e91c, 'click', toggleBounce);}\r\n\t\t\tcatch(e){};\r\n\t\t\tjQuery(document).ready(function($){\r\n\t\t\t\tgoogle.maps.event.trigger(map_map_69de2ade3e91c, 'resize');\r\n\t\t\t\t$(window).resize(function(){\r\n\t\t\t\t\tgoogle.maps.event.trigger(map_map_69de2ade3e91c, 'resize');\r\n\t\t\t\t\tif(map_map_69de2ade3e91c!=null)\r\n\t\t\t\t\t\tmap_map_69de2ade3e91c.setCenter(coordinate_map_69de2ade3e91c);\r\n\t\t\t\t});\r\n\t\t\t\t$('.ui-tabs').bind('tabsactivate', function(event, ui) {\r\n\t\t\t\t   if($(this).find('.ultimate-map-wrapper').length > 0)\r\n\t\t\t\t\t{\r\n\t\t\t\t\t\tsetTimeout(function(){\r\n\t\t\t\t\t\t\t$(window).trigger('resize');\r\n\t\t\t\t\t\t},200);\r\n\t\t\t\t\t}\r\n\t\t\t\t});\r\n\t\t\t\t$('.ui-accordion').bind('accordionactivate', function(event, ui) {\r\n\t\t\t\t   if($(this).find('.ultimate-map-wrapper').length > 0)\r\n\t\t\t\t\t{\r\n\t\t\t\t\t\tsetTimeout(function(){\r\n\t\t\t\t\t\t\t$(window).trigger('resize');\r\n\t\t\t\t\t\t},200);\r\n\t\t\t\t\t}\r\n\t\t\t\t});\r\n\t\t\t\t$(window).on('load',function(){\r\n\t\t\t\t\tsetTimeout(function(){\r\n\t\t\t\t\t\t$(window).trigger('resize');\r\n\t\t\t\t\t},200);\r\n\t\t\t\t});\r\n\t\t\t\t$('.ult_exp_section').select(function(){\r\n\t\t\t\t\tif($(map_map_69de2ade3e91c).parents('.ult_exp_section'))\r\n\t\t\t\t\t{\r\n\t\t\t\t\t\tsetTimeout(function(){\r\n\t\t\t\t\t\t\t$(window).trigger('resize');\r\n\t\t\t\t\t\t},200);\r\n\t\t\t\t\t}\r\n\t\t\t\t});\r\n\t\t\t\t$(document).on('onUVCModalPopupOpen', function(){\r\n\t\t\t\t\tif($(map_map_69de2ade3e91c).parents('.ult_modal-content'))\r\n\t\t\t\t\t{\r\n\t\t\t\t\t\tsetTimeout(function(){\r\n\t\t\t\t\t\t\t$(window).trigger('resize');\r\n\t\t\t\t\t\t},200);\r\n\t\t\t\t\t}\r\n\t\t\t\t});\r\n\t\t\t\t$(document).on('click','.ult_tab_li',function(){\r\n\t\t\t\t\t$(window).trigger('resize');\r\n\t\t\t\t\tsetTimeout(function(){\r\n\t\t\t\t\t\t$(window).trigger('resize');\r\n\t\t\t\t\t},200);\r\n\t\t\t\t});\r\n\t\t\t});\r\n\t\t\tfunction toggleBounce() {\r\n\t\t\t  if (marker_map_69de2ade3e91c.getAnimation() != null) {\r\n\t\t\t\tmarker_map_69de2ade3e91c.setAnimation(null);\r\n\t\t\t  } else {\r\n\t\t\t\tmarker_map_69de2ade3e91c.setAnimation(google.maps.Animation.BOUNCE);\r\n\t\t\t  }\r\n\t\t\t}\r\n\t\t\t})(jQuery);\r\n\t\t\t<\/script>[\/vc_column][vc_column width=&#8221;1\/2&#8243;][vc_column_text css=&#8221;.vc_custom_1531986888846{padding-top: 10px !important;}&#8221;]<\/p>\n<h4 style=\"text-align: center;\">Sie finden uns westlich vom Stadtzentrum, an der Hauptstrasse, die nach Marina I\u010di\u0107i und Lovran f\u00fchrt, 100 m vom Meer entfernt (5 Minuten zu Fu\u00df).<\/h4>\n<hr class=\"no_line\" style=\"margin:0 auto 30px\"\/>\n\n<h4 style=\"text-align: center;\">Mit drei Apartments (48 m<sup>2<\/sup>, 45 m<sup>2<\/sup>, 45 m<sup>2<\/sup>), die Platz f\u00fcr 11 Personen bieten, haben wir drei Parkpl\u00e4tze und zwei Garagen, die Sie kostenlos nutzen k\u00f6nnen.<\/h4>\n<p>[\/vc_column_text][vc_single_image image=&#8221;407&#8243; img_size=&#8221;full&#8221; alignment=&#8221;center&#8221;][\/vc_column][\/vc_row][vc_row css=&#8221;.vc_custom_1531131581116{padding-top: 100px !important;padding-bottom: 60px !important;}&#8221;][vc_column]<div id=\"ultimate-heading-252069de2ade3e974\" class=\"uvc-heading ult-adjust-bottom-margin ultimate-heading-252069de2ade3e974 uvc-5800 naslov\" data-hspacer=\"no_spacer\"  data-halign=\"center\" style=\"text-align:center\"><div class=\"uvc-heading-spacer no_spacer\" style=\"top\"><\/div><div class=\"uvc-main-heading ult-responsive\"  data-ultimate-target='.uvc-heading.ultimate-heading-252069de2ade3e974 h2'  data-responsive-json-new='{\"font-size\":\"\",\"line-height\":\"\"}' ><h2 style=\"font-weight:normal;\">Garten und Terrasse<\/h2><\/div><\/div>[\/vc_column][\/vc_row][vc_row full_width=&#8221;stretch_row_content_no_spaces&#8221; css=&#8221;.vc_custom_1531130729757{padding-bottom: 30px !important;}&#8221;][vc_column]<div id=\"ult-carousel-34210480969de2ade3ea71\" class=\"ult-carousel-wrapper   ult_full_width\" data-gutter=\"0\" data-rtl=\"false\" ><div class=\"ult-carousel-127188800869de2ade3e9a7 \" >[vc_single_image image=&#8221;516&#8243; img_size=&#8221;medium&#8221; onclick=&#8221;link_image&#8221; el_class=&#8221;galerija-okolis&#8221;][vc_single_image image=&#8221;515&#8243; img_size=&#8221;medium&#8221; onclick=&#8221;link_image&#8221; el_class=&#8221;galerija-okolis&#8221;][vc_single_image image=&#8221;514&#8243; img_size=&#8221;medium&#8221; onclick=&#8221;link_image&#8221; el_class=&#8221;galerija-okolis&#8221;][vc_single_image image=&#8221;546&#8243; img_size=&#8221;medium&#8221; onclick=&#8221;link_image&#8221; el_class=&#8221;galerija-okolis&#8221;][vc_single_image image=&#8221;513&#8243; img_size=&#8221;medium&#8221; onclick=&#8221;link_image&#8221; el_class=&#8221;galerija-okolis&#8221;][vc_single_image image=&#8221;530&#8243; img_size=&#8221;medium&#8221; onclick=&#8221;link_image&#8221; el_class=&#8221;galerija-okolis&#8221;][vc_single_image image=&#8221;532&#8243; img_size=&#8221;medium&#8221; onclick=&#8221;link_image&#8221; el_class=&#8221;galerija-okolis&#8221;][vc_single_image image=&#8221;533&#8243; img_size=&#8221;medium&#8221; onclick=&#8221;link_image&#8221; el_class=&#8221;galerija-okolis&#8221;][vc_single_image image=&#8221;534&#8243; img_size=&#8221;medium&#8221; onclick=&#8221;link_image&#8221; el_class=&#8221;galerija-okolis&#8221;][vc_single_image image=&#8221;535&#8243; img_size=&#8221;medium&#8221; onclick=&#8221;link_image&#8221; el_class=&#8221;galerija-okolis&#8221;][vc_single_image image=&#8221;536&#8243; img_size=&#8221;medium&#8221; onclick=&#8221;link_image&#8221; el_class=&#8221;galerija-okolis&#8221;][vc_single_image image=&#8221;537&#8243; img_size=&#8221;medium&#8221; onclick=&#8221;link_image&#8221; el_class=&#8221;galerija-okolis&#8221;][vc_single_image image=&#8221;538&#8243; img_size=&#8221;medium&#8221; onclick=&#8221;link_image&#8221; el_class=&#8221;galerija-okolis&#8221;][vc_single_image image=&#8221;539&#8243; img_size=&#8221;medium&#8221; onclick=&#8221;link_image&#8221; el_class=&#8221;galerija-okolis&#8221;][vc_single_image image=&#8221;540&#8243; img_size=&#8221;medium&#8221; onclick=&#8221;link_image&#8221; el_class=&#8221;galerija-okolis&#8221;][vc_single_image image=&#8221;541&#8243; img_size=&#8221;medium&#8221; onclick=&#8221;link_image&#8221; el_class=&#8221;galerija-okolis&#8221;][vc_single_image image=&#8221;542&#8243; img_size=&#8221;medium&#8221; onclick=&#8221;link_image&#8221; el_class=&#8221;galerija-okolis&#8221;][vc_single_image image=&#8221;543&#8243; img_size=&#8221;medium&#8221; onclick=&#8221;link_image&#8221; el_class=&#8221;galerija-okolis&#8221;][vc_single_image image=&#8221;544&#8243; img_size=&#8221;medium&#8221; onclick=&#8221;link_image&#8221; el_class=&#8221;galerija-okolis&#8221;][vc_single_image image=&#8221;989&#8243; img_size=&#8221;medium&#8221; onclick=&#8221;link_image&#8221; el_class=&#8221;galerija-okolis&#8221;][vc_single_image image=&#8221;986&#8243; img_size=&#8221;medium&#8221; onclick=&#8221;link_image&#8221; el_class=&#8221;galerija-okolis&#8221;][vc_single_image image=&#8221;980&#8243; img_size=&#8221;medium&#8221; onclick=&#8221;link_image&#8221; el_class=&#8221;galerija-okolis&#8221;][vc_single_image image=&#8221;977&#8243; img_size=&#8221;medium&#8221; onclick=&#8221;link_image&#8221; el_class=&#8221;galerija-okolis&#8221;][vc_single_image image=&#8221;974&#8243; img_size=&#8221;medium&#8221; onclick=&#8221;link_image&#8221; el_class=&#8221;galerija-okolis&#8221;][vc_single_image image=&#8221;971&#8243; img_size=&#8221;medium&#8221; onclick=&#8221;link_image&#8221; el_class=&#8221;galerija-okolis&#8221;][vc_single_image image=&#8221;968&#8243; img_size=&#8221;medium&#8221; onclick=&#8221;link_image&#8221; el_class=&#8221;galerija-okolis&#8221;][vc_single_image image=&#8221;962&#8243; img_size=&#8221;medium&#8221; onclick=&#8221;link_image&#8221; el_class=&#8221;galerija-okolis&#8221;][vc_single_image image=&#8221;959&#8243; img_size=&#8221;medium&#8221; onclick=&#8221;link_image&#8221; el_class=&#8221;galerija-okolis&#8221;][vc_single_image image=&#8221;956&#8243; img_size=&#8221;medium&#8221; onclick=&#8221;link_image&#8221; el_class=&#8221;galerija-okolis&#8221;][vc_single_image image=&#8221;953&#8243; img_size=&#8221;medium&#8221; onclick=&#8221;link_image&#8221; el_class=&#8221;galerija-okolis&#8221;][vc_single_image image=&#8221;950&#8243; img_size=&#8221;medium&#8221; onclick=&#8221;link_image&#8221; el_class=&#8221;galerija-okolis&#8221;][vc_single_image image=&#8221;944&#8243; img_size=&#8221;medium&#8221; onclick=&#8221;link_image&#8221; el_class=&#8221;galerija-okolis&#8221;][vc_single_image image=&#8221;941&#8243; img_size=&#8221;medium&#8221; onclick=&#8221;link_image&#8221; el_class=&#8221;galerija-okolis&#8221;][vc_single_image image=&#8221;938&#8243; img_size=&#8221;medium&#8221; onclick=&#8221;link_image&#8221; el_class=&#8221;galerija-okolis&#8221;][vc_single_image image=&#8221;935&#8243; img_size=&#8221;medium&#8221; onclick=&#8221;link_image&#8221; el_class=&#8221;galerija-okolis&#8221;][vc_single_image image=&#8221;932&#8243; img_size=&#8221;medium&#8221; onclick=&#8221;link_image&#8221; el_class=&#8221;galerija-okolis&#8221;][vc_single_image image=&#8221;929&#8243; img_size=&#8221;medium&#8221; onclick=&#8221;link_image&#8221; el_class=&#8221;galerija-okolis&#8221;][vc_single_image image=&#8221;926&#8243; img_size=&#8221;medium&#8221; onclick=&#8221;link_image&#8221; el_class=&#8221;galerija-okolis&#8221;][vc_single_image image=&#8221;923&#8243; img_size=&#8221;medium&#8221; onclick=&#8221;link_image&#8221; el_class=&#8221;galerija-okolis&#8221;][vc_single_image image=&#8221;920&#8243; img_size=&#8221;medium&#8221; onclick=&#8221;link_image&#8221; el_class=&#8221;galerija-okolis&#8221;][vc_single_image image=&#8221;917&#8243; img_size=&#8221;medium&#8221; onclick=&#8221;link_image&#8221; el_class=&#8221;galerija-okolis&#8221;][vc_single_image image=&#8221;914&#8243; img_size=&#8221;medium&#8221; onclick=&#8221;link_image&#8221; el_class=&#8221;galerija-okolis&#8221;][vc_single_image image=&#8221;911&#8243; img_size=&#8221;medium&#8221; onclick=&#8221;link_image&#8221; el_class=&#8221;galerija-okolis&#8221;][vc_single_image image=&#8221;908&#8243; img_size=&#8221;medium&#8221; onclick=&#8221;link_image&#8221; el_class=&#8221;galerija-okolis&#8221;][vc_single_image image=&#8221;905&#8243; img_size=&#8221;medium&#8221; onclick=&#8221;link_image&#8221; el_class=&#8221;galerija-okolis&#8221;][vc_single_image image=&#8221;902&#8243; img_size=&#8221;medium&#8221; onclick=&#8221;link_image&#8221; el_class=&#8221;galerija-okolis&#8221;][vc_single_image image=&#8221;899&#8243; img_size=&#8221;medium&#8221; onclick=&#8221;link_image&#8221; el_class=&#8221;galerija-okolis&#8221;][vc_single_image image=&#8221;896&#8243; img_size=&#8221;medium&#8221; onclick=&#8221;link_image&#8221; el_class=&#8221;galerija-okolis&#8221;][vc_single_image image=&#8221;893&#8243; img_size=&#8221;medium&#8221; onclick=&#8221;link_image&#8221; el_class=&#8221;galerija-okolis&#8221;][vc_single_image image=&#8221;890&#8243; img_size=&#8221;medium&#8221; onclick=&#8221;link_image&#8221; el_class=&#8221;galerija-okolis&#8221;][vc_single_image image=&#8221;887&#8243; img_size=&#8221;medium&#8221; onclick=&#8221;link_image&#8221; el_class=&#8221;galerija-okolis&#8221;][vc_single_image image=&#8221;992&#8243; img_size=&#8221;medium&#8221; onclick=&#8221;link_image&#8221; el_class=&#8221;galerija-okolis&#8221;][vc_single_image image=&#8221;995&#8243; img_size=&#8221;medium&#8221; onclick=&#8221;link_image&#8221; el_class=&#8221;galerija-okolis&#8221;][vc_single_image image=&#8221;998&#8243; img_size=&#8221;medium&#8221; onclick=&#8221;link_image&#8221; el_class=&#8221;galerija-okolis&#8221;][vc_single_image image=&#8221;1004&#8243; img_size=&#8221;medium&#8221; onclick=&#8221;link_image&#8221; el_class=&#8221;galerija-okolis&#8221;][vc_single_image image=&#8221;1007&#8243; img_size=&#8221;medium&#8221; onclick=&#8221;link_image&#8221; el_class=&#8221;galerija-okolis&#8221;][vc_single_image image=&#8221;1010&#8243; img_size=&#8221;medium&#8221; onclick=&#8221;link_image&#8221; el_class=&#8221;galerija-okolis&#8221;][vc_single_image image=&#8221;1013&#8243; img_size=&#8221;medium&#8221; onclick=&#8221;link_image&#8221; el_class=&#8221;galerija-okolis&#8221;][vc_single_image image=&#8221;1019&#8243; img_size=&#8221;medium&#8221; onclick=&#8221;link_image&#8221; el_class=&#8221;galerija-okolis&#8221;][vc_single_image image=&#8221;1022&#8243; img_size=&#8221;medium&#8221; onclick=&#8221;link_image&#8221; el_class=&#8221;galerija-okolis&#8221;]<\/div><\/div>\t\t\t<script type=\"text\/javascript\">\r\n\t\t\t\tjQuery(document).ready(function ($) {\r\n\t\t\t\t\tif( typeof jQuery('.ult-carousel-127188800869de2ade3e9a7').slick == \"function\"){\r\n\t\t\t\t\t\t$('.ult-carousel-127188800869de2ade3e9a7').slick({dots: true,autoplaySpeed: 5000,speed: 300,infinite: true,arrows: true,nextArrow: '<button type=\"button\" role=\"button\" aria-label=\"Next\" style=\"color:#ffffff; font-size:26px;background:#8e6d9e;\" class=\"slick-next square-bg\"><i class=\"ultsl-arrow-right4\"><\/i><\/button>',prevArrow: '<button type=\"button\" role=\"button\" aria-label=\"Previous\" style=\"color:#ffffff; font-size:26px;background:#8e6d9e;\" class=\"slick-prev square-bg\"><i class=\"ultsl-arrow-left4\"><\/i><\/button>',slidesToScroll:6,slidesToShow:6,swipe: true,draggable: true,touchMove: true,pauseOnHover: true,pauseOnFocus: false,responsive: [\r\n\t\t\t\t\t\t\t{\r\n\t\t\t\t\t\t\t  breakpoint: 1026,\r\n\t\t\t\t\t\t\t  settings: {\r\n\t\t\t\t\t\t\t\tslidesToShow: 6,\r\n\t\t\t\t\t\t\t\tslidesToScroll: 6,  \r\n\t\t\t\t\t\t\t  }\r\n\t\t\t\t\t\t\t},\r\n\t\t\t\t\t\t\t{\r\n\t\t\t\t\t\t\t  breakpoint: 1025,\r\n\t\t\t\t\t\t\t  settings: {\r\n\t\t\t\t\t\t\t\tslidesToShow: 4,\r\n\t\t\t\t\t\t\t\tslidesToScroll: 4\r\n\t\t\t\t\t\t\t  }\r\n\t\t\t\t\t\t\t},\r\n\t\t\t\t\t\t\t{\r\n\t\t\t\t\t\t\t  breakpoint: 760,\r\n\t\t\t\t\t\t\t  settings: {\r\n\t\t\t\t\t\t\t\tslidesToShow: 2,\r\n\t\t\t\t\t\t\t\tslidesToScroll: 2\r\n\t\t\t\t\t\t\t  }\r\n\t\t\t\t\t\t\t}\r\n\t\t\t\t\t\t],pauseOnDotsHover: true,customPaging: function(slider, i) {\r\n                   return '<i type=\"button\" style= \"color:#e77424;\" class=\"ultsl-record\" data-role=\"none\"><\/i>';\r\n                },});\r\n\t\t\t\t\t}\r\n\t\t\t\t});\r\n\t\t\t<\/script>\r\n\t\t\t[\/vc_column][\/vc_row]<\/p>\n","protected":false},"excerpt":{"rendered":"<p>[vc_row full_width=&#8221;stretch_row_content_no_spaces&#8221; css=&#8221;.vc_custom_1501097463147{margin-top: 0px !important;margin-bottom: 0px !important;border-top-width: 0px !important;border-bottom-width: 0px !important;padding-top: 0px !important;padding-bottom: 0px !important;}&#8221;][vc_column css=&#8221;.vc_custom_1501097471539{margin-top: 0px !important;margin-bottom: 0px !important;border-top-width: 0px !important;border-bottom-width: 0px !important;padding-top: 0px !important;padding-bottom:<span class=\"excerpt-hellip\"> [\u2026]<\/span><\/p>\n","protected":false},"author":1,"featured_media":0,"parent":0,"menu_order":0,"comment_status":"closed","ping_status":"closed","template":"","meta":[],"_links":{"self":[{"href":"https:\/\/apartmanihrvatin.com\/de\/wp-json\/wp\/v2\/pages\/348"}],"collection":[{"href":"https:\/\/apartmanihrvatin.com\/de\/wp-json\/wp\/v2\/pages"}],"about":[{"href":"https:\/\/apartmanihrvatin.com\/de\/wp-json\/wp\/v2\/types\/page"}],"author":[{"embeddable":true,"href":"https:\/\/apartmanihrvatin.com\/de\/wp-json\/wp\/v2\/users\/1"}],"replies":[{"embeddable":true,"href":"https:\/\/apartmanihrvatin.com\/de\/wp-json\/wp\/v2\/comments?post=348"}],"version-history":[{"count":5,"href":"https:\/\/apartmanihrvatin.com\/de\/wp-json\/wp\/v2\/pages\/348\/revisions"}],"predecessor-version":[{"id":1109,"href":"https:\/\/apartmanihrvatin.com\/de\/wp-json\/wp\/v2\/pages\/348\/revisions\/1109"}],"wp:attachment":[{"href":"https:\/\/apartmanihrvatin.com\/de\/wp-json\/wp\/v2\/media?parent=348"}],"curies":[{"name":"wp","href":"https:\/\/api.w.org\/{rel}","templated":true}]}}