{"id":344,"date":"2017-07-25T12:58:53","date_gmt":"2017-07-25T10:58:53","guid":{"rendered":"http:\/\/apartmanihrvatin.com\/apartmani-hrvatin\/"},"modified":"2020-08-12T14:59:28","modified_gmt":"2020-08-12T12:59:28","slug":"apartmani-hrvatin-2","status":"publish","type":"page","link":"https:\/\/apartmanihrvatin.com\/de\/","title":{"rendered":"Appartements Hrvatin"},"content":{"rendered":"<p>[vc_row full_width=&#8221;stretch_row&#8221; css=&#8221;.vc_custom_1501061878400{background-image: url(http:\/\/apartmanihrvatin.com\/wp-content\/uploads\/2017\/07\/pattern_bg.jpg?id=31) !important;background-position: 0 0 !important;background-repeat: repeat !important;}&#8221; el_class=&#8221;prvi-div&#8221;][vc_column]<div id=\"ultimate-heading-835369d422da71c75\" class=\"uvc-heading ult-adjust-bottom-margin ultimate-heading-835369d422da71c75 uvc-340 naslov\" data-hspacer=\"no_spacer\"  data-halign=\"center\" style=\"text-align:center\"><div class=\"uvc-heading-spacer no_spacer\" style=\"top\"><\/div><div class=\"uvc-main-heading ult-responsive\"  data-ultimate-target='.uvc-heading.ultimate-heading-835369d422da71c75 h2'  data-responsive-json-new='{\"font-size\":\"\",\"line-height\":\"\"}' ><h2 style=\"font-weight:normal;\">Willkommen<\/h2><\/div><\/div>[vc_column_text]<\/p>\n<h4 style=\"text-align: center;\">Willkommen in Opatija, touristische Perle der Nordadria.<\/h4>\n<p>[\/vc_column_text][vc_row_inner content_placement=&#8221;middle&#8221;][vc_column_inner width=&#8221;2\/3&#8243;][vc_single_image image=&#8221;634&#8243; img_size=&#8221;full&#8221;][\/vc_column_inner][vc_column_inner width=&#8221;1\/3&#8243;][vc_column_text css_animation=&#8221;fadeInRightBig&#8221;]<\/p>\n<h4 style=\"text-align: center;\">Vom Wunsch getrieben, ihren Urlaub zu unvergesslichem Erlebnis zu machen, haben wir uns bem\u00fcht, Sie mit der Unterkunft in unseren drei Appartements zu ziehen.<\/h4>\n<p>[\/vc_column_text][vc_single_image image=&#8221;407&#8243; img_size=&#8221;full&#8221; alignment=&#8221;center&#8221;][\/vc_column_inner][\/vc_row_inner][\/vc_column][\/vc_row][vc_row css=&#8221;.vc_custom_1501092349979{padding-top: 40px !important;padding-bottom: 60px !important;}&#8221;][vc_column]<div id=\"ultimate-heading-983469d422da71cb3\" class=\"uvc-heading ult-adjust-bottom-margin ultimate-heading-983469d422da71cb3 uvc-9240 naslov\" data-hspacer=\"no_spacer\"  data-halign=\"center\" style=\"text-align:center\"><div class=\"uvc-heading-spacer no_spacer\" style=\"top\"><\/div><div class=\"uvc-main-heading ult-responsive\"  data-ultimate-target='.uvc-heading.ultimate-heading-983469d422da71cb3 h2'  data-responsive-json-new='{\"font-size\":\"\",\"line-height\":\"\"}' ><h2 style=\"font-weight:normal;\">Unsere Appartements<\/h2><\/div><\/div>[\/vc_column][\/vc_row][vc_row content_placement=&#8221;middle&#8221;][vc_column width=&#8221;1\/12&#8243;][\/vc_column][vc_column css_animation=&#8221;fadeInLeftBig&#8221; width=&#8221;1\/3&#8243; el_class=&#8221;okvir-lijevo&#8221; css=&#8221;.vc_custom_1501095735545{background-color: #ede8ef !important;}&#8221; el_id=&#8221;app_1_opis&#8221;][vc_column_text el_id=&#8221;app_1_opis&#8221; el_class=&#8221;app_opis&#8221;]<\/p>\n<h4>Appartement <i class=\"icon-star\" style=\"\"><\/i><i class=\"icon-star\" style=\"\"><\/i><i class=\"icon-star\" style=\"\"><\/i><\/h4>\n<p>Kapazit\u00e4t: 3 Personen, 48 m<sup>2<\/sup><\/p>\n<p>Es ist f\u00fcr 3 Personen vorgesehen. Es besteht aus einem ger\u00e4umigen Doppelzimmer mit Doppelbett, Einzelzimmer mit Meerblick und m\u00f6blierten Terrassen.<\/p>\n<p style=\"text-align: center;\"><a class=\"mfn-link mfn-link-8 \" href=\"http:\/\/apartmanihrvatin.com\/de\/appartements\/appartement\/\" data-hover=\"Mehr Infos\" ontouchstart=\"this.classList.toggle('hover');\"  ><span data-hover=\"Mehr Infos\">Mehr Infos<\/span><\/a><\/p>\n<p>[\/vc_column_text][\/vc_column][vc_column css_animation=&#8221;fadeInRightBig&#8221; width=&#8221;1\/2&#8243; el_class=&#8221;fotka-okvir&#8221; el_id=&#8221;app_1_fotka&#8221;]<div class=\"ult-new-ib ult-ib-effect-style4 fotka-cool ult-ib-resp   vc_custom_1531984966830\" data-min-width=\"768\" data-max-width=\"900\" style=\"\" data-opacity=\"1\" data-hover-opacity=\"1\" ><img class=\"ult-new-ib-img\" style=\"opacity:1;\" alt=\"Apartmani Hrvatin - Apartman\" src=\"https:\/\/apartmanihrvatin.com\/wp-content\/uploads\/2017\/07\/front_app_1-1.jpg\"   \/><div id=\"interactive-banner-wrap-3737\" class=\"ult-new-ib-desc\" style=\"\"><h2 class=\"ult-new-ib-title ult-responsive\"  data-ultimate-target='#interactive-banner-wrap-3737 .ult-new-ib-title'  data-responsive-json-new='{\"font-size\":\"\",\"line-height\":\"\"}'  style=\"font-weight:normal;\"><\/h2><div class=\"ult-new-ib-content ult-responsive\"  data-ultimate-target='#interactive-banner-wrap-3737 .ult-new-ib-content'  data-responsive-json-new='{\"font-size\":\"\",\"line-height\":\"\"}'  style=\"font-weight:normal;color:#ffffff;\"><p><\/p>\n<h2>Appartement<\/h2>\n<p><\/p><\/div><\/div><a class=\"ult-new-ib-link\" href=\"http:\/\/apartmanihrvatin.com\/de\/appartements\/appartement\/\"  ><\/a><\/div><script type=\"text\/javascript\">\r\n\t\t\t(function($){\r\n\t\t\t\t$(document).ready(function(){\r\n\t\t\t\t\t$(\".ult-new-ib\").css(\"opacity\",\"1\");\r\n\t\t\t\t});\r\n\t\t\t})(jQuery);\r\n\t\t\t<\/script>[\/vc_column][vc_column width=&#8221;1\/12&#8243;][\/vc_column][\/vc_row][vc_row content_placement=&#8221;middle&#8221; css=&#8221;.vc_custom_1501094833055{margin-top: 100px !important;}&#8221;][vc_column width=&#8221;1\/12&#8243;][\/vc_column][vc_column css_animation=&#8221;fadeInLeftBig&#8221; width=&#8221;1\/2&#8243; el_class=&#8221;fotka-okvir&#8221; el_id=&#8221;app_2_fotka&#8221;]<div class=\"ult-new-ib ult-ib-effect-style4 fotka-cool ult-ib-resp   vc_custom_1531985046275\" data-min-width=\"768\" data-max-width=\"900\" style=\"\" data-opacity=\"1\" data-hover-opacity=\"1\" ><img class=\"ult-new-ib-img\" style=\"opacity:1;\" alt=\"Apartmani Hrvatin - Studio apartman 1\" src=\"https:\/\/apartmanihrvatin.com\/wp-content\/uploads\/2017\/07\/front_app_2-1.jpg\"   \/><div id=\"interactive-banner-wrap-5225\" class=\"ult-new-ib-desc\" style=\"\"><h2 class=\"ult-new-ib-title ult-responsive\"  data-ultimate-target='#interactive-banner-wrap-5225 .ult-new-ib-title'  data-responsive-json-new='{\"font-size\":\"\",\"line-height\":\"\"}'  style=\"font-weight:normal;\"><\/h2><div class=\"ult-new-ib-content ult-responsive\"  data-ultimate-target='#interactive-banner-wrap-5225 .ult-new-ib-content'  data-responsive-json-new='{\"font-size\":\"\",\"line-height\":\"\"}'  style=\"font-weight:normal;color:#ffffff;\"><p><\/p>\n<h2>Studio Appartement 1<\/h2>\n<p><\/p><\/div><\/div><a class=\"ult-new-ib-link\" href=\"http:\/\/apartmanihrvatin.com\/de\/appartements\/studio-appartement-1\/\"  ><\/a><\/div><script type=\"text\/javascript\">\r\n\t\t\t(function($){\r\n\t\t\t\t$(document).ready(function(){\r\n\t\t\t\t\t$(\".ult-new-ib\").css(\"opacity\",\"1\");\r\n\t\t\t\t});\r\n\t\t\t})(jQuery);\r\n\t\t\t<\/script>[\/vc_column][vc_column css_animation=&#8221;fadeInRightBig&#8221; width=&#8221;1\/3&#8243; el_class=&#8221;okvir-desno&#8221; css=&#8221;.vc_custom_1501095710657{background-color: #ede8ef !important;}&#8221; el_id=&#8221;app_2_opis&#8221;][vc_column_text el_class=&#8221;app_opis&#8221;]<\/p>\n<h4>Studio Appartement 1 <i class=\"icon-star\" style=\"\"><\/i><i class=\"icon-star\" style=\"\"><\/i><i class=\"icon-star\" style=\"\"><\/i><i class=\"icon-star\" style=\"\"><\/i><\/h4>\n<p>Kapazit\u00e4t: 2+2 Personen, 45m<sup>2<\/sup><\/p>\n<p>Komplett ausgestattet f\u00fcr 2 + 2 Personen, mit einem Doppelbett und einem Schlafsofa im gro\u00dfen Schlafzimmer mit einem komfortablen Interieur mit einem LCD-TV, Wi-Fi-Verbindung und Klimaanlage.<\/p>\n<p style=\"text-align: center;\"><a class=\"mfn-link mfn-link-8 \" href=\"http:\/\/apartmanihrvatin.com\/de\/appartements\/studio-appartement-1\/\" data-hover=\"Mehr Infos\" ontouchstart=\"this.classList.toggle('hover');\"  ><span data-hover=\"Mehr Infos\">Mehr Infos<\/span><\/a><\/p>\n<p>[\/vc_column_text][\/vc_column][vc_column width=&#8221;1\/12&#8243;][\/vc_column][\/vc_row][vc_row content_placement=&#8221;middle&#8221; css=&#8221;.vc_custom_1531145702211{margin-top: 100px !important;margin-bottom: 60px !important;}&#8221;][vc_column width=&#8221;1\/12&#8243;][\/vc_column][vc_column css_animation=&#8221;fadeInLeftBig&#8221; width=&#8221;1\/3&#8243; el_class=&#8221;okvir-lijevo&#8221; css=&#8221;.vc_custom_1531126412902{background-color: #ede8ef !important;}&#8221; el_id=&#8221;app_3_opis&#8221;][vc_column_text el_id=&#8221;app_3_opis&#8221; el_class=&#8221;app_opis&#8221;]<\/p>\n<h4>Studio Appartement 2 <i class=\"icon-star\" style=\"\"><\/i><i class=\"icon-star\" style=\"\"><\/i><i class=\"icon-star\" style=\"\"><\/i><i class=\"icon-star\" style=\"\"><\/i><\/h4>\n<p>Kapazit\u00e4t: 2+2 Personen, 45 m<sup>2<\/sup><\/p>\n<p>Die letzte von drei Wohneinheiten, geeignet f\u00fcr 2 + 2 Personen Aufenthalte, in einem Einzelzimmer mit einem Doppelbett und einem Schlafsofa im Wohnzimmer.<\/p>\n<p style=\"text-align: center;\"><a class=\"mfn-link mfn-link-8 \" href=\"http:\/\/apartmanihrvatin.com\/de\/appartements\/studio-appartement-2\/\" data-hover=\"Mehr Infos\" ontouchstart=\"this.classList.toggle('hover');\"  ><span data-hover=\"Mehr Infos\">Mehr Infos<\/span><\/a><\/p>\n<p>[\/vc_column_text][\/vc_column][vc_column css_animation=&#8221;fadeInRightBig&#8221; width=&#8221;1\/2&#8243; el_class=&#8221;fotka-okvir&#8221; el_id=&#8221;app_3_fotka&#8221;]<div class=\"ult-new-ib ult-ib-effect-style4 fotka-cool ult-ib-resp   vc_custom_1531985137548\" data-min-width=\"768\" data-max-width=\"900\" style=\"\" data-opacity=\"1\" data-hover-opacity=\"1\" ><img class=\"ult-new-ib-img\" style=\"opacity:1;\" alt=\"Apartmani Hrvatin - Studio apartman 2\" src=\"https:\/\/apartmanihrvatin.com\/wp-content\/uploads\/2017\/07\/front_app_3.jpg\"   \/><div id=\"interactive-banner-wrap-3774\" class=\"ult-new-ib-desc\" style=\"\"><h2 class=\"ult-new-ib-title ult-responsive\"  data-ultimate-target='#interactive-banner-wrap-3774 .ult-new-ib-title'  data-responsive-json-new='{\"font-size\":\"\",\"line-height\":\"\"}'  style=\"font-weight:normal;\"><\/h2><div class=\"ult-new-ib-content ult-responsive\"  data-ultimate-target='#interactive-banner-wrap-3774 .ult-new-ib-content'  data-responsive-json-new='{\"font-size\":\"\",\"line-height\":\"\"}'  style=\"font-weight:normal;color:#ffffff;\"><p><\/p>\n<h2>Studio Appartement 2<\/h2>\n<p><\/p><\/div><\/div><a class=\"ult-new-ib-link\" href=\"http:\/\/apartmanihrvatin.com\/de\/appartements\/studio-appartement-2\/\"  ><\/a><\/div><script type=\"text\/javascript\">\r\n\t\t\t(function($){\r\n\t\t\t\t$(document).ready(function(){\r\n\t\t\t\t\t$(\".ult-new-ib\").css(\"opacity\",\"1\");\r\n\t\t\t\t});\r\n\t\t\t})(jQuery);\r\n\t\t\t<\/script>[\/vc_column][vc_column width=&#8221;1\/12&#8243;][\/vc_column][\/vc_row][vc_row css=&#8221;.vc_custom_1531131581116{padding-top: 100px !important;padding-bottom: 60px !important;}&#8221;][vc_column]<div id=\"ultimate-heading-189769d422da72374\" class=\"uvc-heading ult-adjust-bottom-margin ultimate-heading-189769d422da72374 uvc-9861 naslov\" data-hspacer=\"no_spacer\"  data-halign=\"center\" style=\"text-align:center\"><div class=\"uvc-heading-spacer no_spacer\" style=\"top\"><\/div><div class=\"uvc-main-heading ult-responsive\"  data-ultimate-target='.uvc-heading.ultimate-heading-189769d422da72374 h2'  data-responsive-json-new='{\"font-size\":\"\",\"line-height\":\"\"}' ><h2 style=\"font-weight:normal;\">Garten und Terrasse<\/h2><\/div><\/div>[\/vc_column][\/vc_row][vc_row full_width=&#8221;stretch_row_content_no_spaces&#8221; css=&#8221;.vc_custom_1531130729757{padding-bottom: 30px !important;}&#8221;][vc_column]<div id=\"ult-carousel-284744641169d422da7242a\" class=\"ult-carousel-wrapper   ult_full_width\" data-gutter=\"0\" data-rtl=\"false\" ><div class=\"ult-carousel-416701576269d422da723a3 \" >[vc_single_image image=&#8221;516&#8243; img_size=&#8221;medium&#8221; onclick=&#8221;link_image&#8221; el_class=&#8221;galerija-okolis&#8221;][vc_single_image image=&#8221;515&#8243; img_size=&#8221;medium&#8221; onclick=&#8221;link_image&#8221; el_class=&#8221;galerija-okolis&#8221;][vc_single_image image=&#8221;514&#8243; img_size=&#8221;medium&#8221; onclick=&#8221;link_image&#8221; el_class=&#8221;galerija-okolis&#8221;][vc_single_image image=&#8221;546&#8243; img_size=&#8221;medium&#8221; onclick=&#8221;link_image&#8221; el_class=&#8221;galerija-okolis&#8221;][vc_single_image image=&#8221;513&#8243; img_size=&#8221;medium&#8221; onclick=&#8221;link_image&#8221; el_class=&#8221;galerija-okolis&#8221;][vc_single_image image=&#8221;530&#8243; img_size=&#8221;medium&#8221; onclick=&#8221;link_image&#8221; el_class=&#8221;galerija-okolis&#8221;][vc_single_image image=&#8221;532&#8243; img_size=&#8221;medium&#8221; onclick=&#8221;link_image&#8221; el_class=&#8221;galerija-okolis&#8221;][vc_single_image image=&#8221;533&#8243; img_size=&#8221;medium&#8221; onclick=&#8221;link_image&#8221; el_class=&#8221;galerija-okolis&#8221;][vc_single_image image=&#8221;534&#8243; img_size=&#8221;medium&#8221; onclick=&#8221;link_image&#8221; el_class=&#8221;galerija-okolis&#8221;][vc_single_image image=&#8221;535&#8243; img_size=&#8221;medium&#8221; onclick=&#8221;link_image&#8221; el_class=&#8221;galerija-okolis&#8221;][vc_single_image image=&#8221;536&#8243; img_size=&#8221;medium&#8221; onclick=&#8221;link_image&#8221; el_class=&#8221;galerija-okolis&#8221;][vc_single_image image=&#8221;537&#8243; img_size=&#8221;medium&#8221; onclick=&#8221;link_image&#8221; el_class=&#8221;galerija-okolis&#8221;][vc_single_image image=&#8221;538&#8243; img_size=&#8221;medium&#8221; onclick=&#8221;link_image&#8221; el_class=&#8221;galerija-okolis&#8221;][vc_single_image image=&#8221;539&#8243; img_size=&#8221;medium&#8221; onclick=&#8221;link_image&#8221; el_class=&#8221;galerija-okolis&#8221;][vc_single_image image=&#8221;540&#8243; img_size=&#8221;medium&#8221; onclick=&#8221;link_image&#8221; el_class=&#8221;galerija-okolis&#8221;][vc_single_image image=&#8221;541&#8243; img_size=&#8221;medium&#8221; onclick=&#8221;link_image&#8221; el_class=&#8221;galerija-okolis&#8221;][vc_single_image image=&#8221;542&#8243; img_size=&#8221;medium&#8221; onclick=&#8221;link_image&#8221; el_class=&#8221;galerija-okolis&#8221;][vc_single_image image=&#8221;543&#8243; img_size=&#8221;medium&#8221; onclick=&#8221;link_image&#8221; el_class=&#8221;galerija-okolis&#8221;][vc_single_image image=&#8221;544&#8243; img_size=&#8221;medium&#8221; onclick=&#8221;link_image&#8221; el_class=&#8221;galerija-okolis&#8221;][vc_single_image image=&#8221;989&#8243; img_size=&#8221;medium&#8221; onclick=&#8221;link_image&#8221; el_class=&#8221;galerija-okolis&#8221;][vc_single_image image=&#8221;986&#8243; img_size=&#8221;medium&#8221; onclick=&#8221;link_image&#8221; el_class=&#8221;galerija-okolis&#8221;][vc_single_image image=&#8221;980&#8243; img_size=&#8221;medium&#8221; onclick=&#8221;link_image&#8221; el_class=&#8221;galerija-okolis&#8221;][vc_single_image image=&#8221;977&#8243; img_size=&#8221;medium&#8221; onclick=&#8221;link_image&#8221; el_class=&#8221;galerija-okolis&#8221;][vc_single_image image=&#8221;974&#8243; img_size=&#8221;medium&#8221; onclick=&#8221;link_image&#8221; el_class=&#8221;galerija-okolis&#8221;][vc_single_image image=&#8221;971&#8243; img_size=&#8221;medium&#8221; onclick=&#8221;link_image&#8221; el_class=&#8221;galerija-okolis&#8221;][vc_single_image image=&#8221;968&#8243; img_size=&#8221;medium&#8221; onclick=&#8221;link_image&#8221; el_class=&#8221;galerija-okolis&#8221;][vc_single_image image=&#8221;962&#8243; img_size=&#8221;medium&#8221; onclick=&#8221;link_image&#8221; el_class=&#8221;galerija-okolis&#8221;][vc_single_image image=&#8221;959&#8243; img_size=&#8221;medium&#8221; onclick=&#8221;link_image&#8221; el_class=&#8221;galerija-okolis&#8221;][vc_single_image image=&#8221;956&#8243; img_size=&#8221;medium&#8221; onclick=&#8221;link_image&#8221; el_class=&#8221;galerija-okolis&#8221;][vc_single_image image=&#8221;953&#8243; img_size=&#8221;medium&#8221; onclick=&#8221;link_image&#8221; el_class=&#8221;galerija-okolis&#8221;][vc_single_image image=&#8221;950&#8243; img_size=&#8221;medium&#8221; onclick=&#8221;link_image&#8221; el_class=&#8221;galerija-okolis&#8221;][vc_single_image image=&#8221;944&#8243; img_size=&#8221;medium&#8221; onclick=&#8221;link_image&#8221; el_class=&#8221;galerija-okolis&#8221;][vc_single_image image=&#8221;941&#8243; img_size=&#8221;medium&#8221; onclick=&#8221;link_image&#8221; el_class=&#8221;galerija-okolis&#8221;][vc_single_image image=&#8221;938&#8243; img_size=&#8221;medium&#8221; onclick=&#8221;link_image&#8221; el_class=&#8221;galerija-okolis&#8221;][vc_single_image image=&#8221;935&#8243; img_size=&#8221;medium&#8221; onclick=&#8221;link_image&#8221; el_class=&#8221;galerija-okolis&#8221;][vc_single_image image=&#8221;932&#8243; img_size=&#8221;medium&#8221; onclick=&#8221;link_image&#8221; el_class=&#8221;galerija-okolis&#8221;][vc_single_image image=&#8221;929&#8243; img_size=&#8221;medium&#8221; onclick=&#8221;link_image&#8221; el_class=&#8221;galerija-okolis&#8221;][vc_single_image image=&#8221;926&#8243; img_size=&#8221;medium&#8221; onclick=&#8221;link_image&#8221; el_class=&#8221;galerija-okolis&#8221;][vc_single_image image=&#8221;923&#8243; img_size=&#8221;medium&#8221; onclick=&#8221;link_image&#8221; el_class=&#8221;galerija-okolis&#8221;][vc_single_image image=&#8221;920&#8243; img_size=&#8221;medium&#8221; onclick=&#8221;link_image&#8221; el_class=&#8221;galerija-okolis&#8221;][vc_single_image image=&#8221;917&#8243; img_size=&#8221;medium&#8221; onclick=&#8221;link_image&#8221; el_class=&#8221;galerija-okolis&#8221;][vc_single_image image=&#8221;914&#8243; img_size=&#8221;medium&#8221; onclick=&#8221;link_image&#8221; el_class=&#8221;galerija-okolis&#8221;][vc_single_image image=&#8221;911&#8243; img_size=&#8221;medium&#8221; onclick=&#8221;link_image&#8221; el_class=&#8221;galerija-okolis&#8221;][vc_single_image image=&#8221;908&#8243; img_size=&#8221;medium&#8221; onclick=&#8221;link_image&#8221; el_class=&#8221;galerija-okolis&#8221;][vc_single_image image=&#8221;905&#8243; img_size=&#8221;medium&#8221; onclick=&#8221;link_image&#8221; el_class=&#8221;galerija-okolis&#8221;][vc_single_image image=&#8221;902&#8243; img_size=&#8221;medium&#8221; onclick=&#8221;link_image&#8221; el_class=&#8221;galerija-okolis&#8221;][vc_single_image image=&#8221;899&#8243; img_size=&#8221;medium&#8221; onclick=&#8221;link_image&#8221; el_class=&#8221;galerija-okolis&#8221;][vc_single_image image=&#8221;896&#8243; img_size=&#8221;medium&#8221; onclick=&#8221;link_image&#8221; el_class=&#8221;galerija-okolis&#8221;][vc_single_image image=&#8221;893&#8243; img_size=&#8221;medium&#8221; onclick=&#8221;link_image&#8221; el_class=&#8221;galerija-okolis&#8221;][vc_single_image image=&#8221;890&#8243; img_size=&#8221;medium&#8221; onclick=&#8221;link_image&#8221; el_class=&#8221;galerija-okolis&#8221;][vc_single_image image=&#8221;887&#8243; img_size=&#8221;medium&#8221; onclick=&#8221;link_image&#8221; el_class=&#8221;galerija-okolis&#8221;][vc_single_image image=&#8221;992&#8243; img_size=&#8221;medium&#8221; onclick=&#8221;link_image&#8221; el_class=&#8221;galerija-okolis&#8221;][vc_single_image image=&#8221;995&#8243; img_size=&#8221;medium&#8221; onclick=&#8221;link_image&#8221; el_class=&#8221;galerija-okolis&#8221;][vc_single_image image=&#8221;998&#8243; img_size=&#8221;medium&#8221; onclick=&#8221;link_image&#8221; el_class=&#8221;galerija-okolis&#8221;][vc_single_image image=&#8221;1004&#8243; img_size=&#8221;medium&#8221; onclick=&#8221;link_image&#8221; el_class=&#8221;galerija-okolis&#8221;][vc_single_image image=&#8221;1007&#8243; img_size=&#8221;medium&#8221; onclick=&#8221;link_image&#8221; el_class=&#8221;galerija-okolis&#8221;][vc_single_image image=&#8221;1010&#8243; img_size=&#8221;medium&#8221; onclick=&#8221;link_image&#8221; el_class=&#8221;galerija-okolis&#8221;][vc_single_image image=&#8221;1013&#8243; img_size=&#8221;medium&#8221; onclick=&#8221;link_image&#8221; el_class=&#8221;galerija-okolis&#8221;][vc_single_image image=&#8221;1019&#8243; img_size=&#8221;medium&#8221; onclick=&#8221;link_image&#8221; el_class=&#8221;galerija-okolis&#8221;][vc_single_image image=&#8221;1022&#8243; img_size=&#8221;medium&#8221; onclick=&#8221;link_image&#8221; el_class=&#8221;galerija-okolis&#8221;]<\/div><\/div>\t\t\t<script type=\"text\/javascript\">\r\n\t\t\t\tjQuery(document).ready(function ($) {\r\n\t\t\t\t\tif( typeof jQuery('.ult-carousel-416701576269d422da723a3').slick == \"function\"){\r\n\t\t\t\t\t\t$('.ult-carousel-416701576269d422da723a3').slick({dots: true,autoplaySpeed: 5000,speed: 300,infinite: true,arrows: true,nextArrow: '<button type=\"button\" role=\"button\" aria-label=\"Next\" style=\"color:#ffffff; font-size:26px;background:#8e6d9e;\" class=\"slick-next square-bg\"><i class=\"ultsl-arrow-right4\"><\/i><\/button>',prevArrow: '<button type=\"button\" role=\"button\" aria-label=\"Previous\" style=\"color:#ffffff; font-size:26px;background:#8e6d9e;\" class=\"slick-prev square-bg\"><i class=\"ultsl-arrow-left4\"><\/i><\/button>',slidesToScroll:6,slidesToShow:6,swipe: true,draggable: true,touchMove: true,pauseOnHover: true,pauseOnFocus: false,responsive: [\r\n\t\t\t\t\t\t\t{\r\n\t\t\t\t\t\t\t  breakpoint: 1026,\r\n\t\t\t\t\t\t\t  settings: {\r\n\t\t\t\t\t\t\t\tslidesToShow: 6,\r\n\t\t\t\t\t\t\t\tslidesToScroll: 6,  \r\n\t\t\t\t\t\t\t  }\r\n\t\t\t\t\t\t\t},\r\n\t\t\t\t\t\t\t{\r\n\t\t\t\t\t\t\t  breakpoint: 1025,\r\n\t\t\t\t\t\t\t  settings: {\r\n\t\t\t\t\t\t\t\tslidesToShow: 4,\r\n\t\t\t\t\t\t\t\tslidesToScroll: 4\r\n\t\t\t\t\t\t\t  }\r\n\t\t\t\t\t\t\t},\r\n\t\t\t\t\t\t\t{\r\n\t\t\t\t\t\t\t  breakpoint: 760,\r\n\t\t\t\t\t\t\t  settings: {\r\n\t\t\t\t\t\t\t\tslidesToShow: 2,\r\n\t\t\t\t\t\t\t\tslidesToScroll: 2\r\n\t\t\t\t\t\t\t  }\r\n\t\t\t\t\t\t\t}\r\n\t\t\t\t\t\t],pauseOnDotsHover: true,customPaging: function(slider, i) {\r\n                   return '<i type=\"button\" style= \"color:#e77424;\" class=\"ultsl-record\" data-role=\"none\"><\/i>';\r\n                },});\r\n\t\t\t\t\t}\r\n\t\t\t\t});\r\n\t\t\t<\/script>\r\n\t\t\t[\/vc_column][\/vc_row][vc_row][vc_column][vc_raw_js]JTNDc2NyaXB0JTIwdHlwZSUzRCUyMnRleHQlMkZqYXZhc2NyaXB0JTIyJTNFJTBBalF1ZXJ5JTI4ZnVuY3Rpb24lMjglMjQlMjklMjAlN0IlMEElMEElMEElMjQlMjglMjAlMjIlMjNhcHBfMV9vcGlzJTIwLnZjX2NvbHVtbi1pbm5lciUyMiUyMCUyOS5ob3ZlciUyOCUwQSUyMCUyMGZ1bmN0aW9uJTI4JTI5JTIwJTdCJTBBJTIwJTIwJTIwJTIwJTI0JTI4JTIwJTIyJTIzYXBwXzFfZm90a2ElMjAuZm90a2EtY29vbCUyMiUyOS5hZGRDbGFzcyUyOCUyMCUyMm96bmFjaS1tZSUyMiUyMCUyOSUzQiUwQSUyMCUyMCU3RCUyQyUyMGZ1bmN0aW9uJTI4JTI5JTIwJTdCJTBBJTIwJTIwJTIwJTIwJTI0JTI4JTIwJTIyJTIzYXBwXzFfZm90a2ElMjAuZm90a2EtY29vbCUyMiUyOS5yZW1vdmVDbGFzcyUyOCUyMCUyMm96bmFjaS1tZSUyMiUyMCUyOSUzQiUwQSUyMCUyMCU3RCUwQSUyOSUzQiUwQSUwQSUyNCUyOCUyMCUyMiUyM2FwcF8yX29waXMlMjAudmNfY29sdW1uLWlubmVyJTIyJTIwJTI5LmhvdmVyJTI4JTBBJTIwJTIwZnVuY3Rpb24lMjglMjklMjAlN0IlMEElMjAlMjAlMjAlMjAlMjQlMjglMjAlMjIlMjNhcHBfMl9mb3RrYSUyMC5mb3RrYS1jb29sJTIyJTI5LmFkZENsYXNzJTI4JTIwJTIyb3puYWNpLW1lJTIyJTIwJTI5JTNCJTBBJTIwJTIwJTdEJTJDJTIwZnVuY3Rpb24lMjglMjklMjAlN0IlMEElMjAlMjAlMjAlMjAlMjQlMjglMjAlMjIlMjNhcHBfMl9mb3RrYSUyMC5mb3RrYS1jb29sJTIyJTI5LnJlbW92ZUNsYXNzJTI4JTIwJTIyb3puYWNpLW1lJTIyJTIwJTI5JTNCJTBBJTIwJTIwJTdEJTBBJTI5JTNCJTBBJTBBJTI0JTI4JTIwJTIyJTIzYXBwXzNfb3BpcyUyMC52Y19jb2x1bW4taW5uZXIlMjIlMjAlMjkuaG92ZXIlMjglMEElMjAlMjBmdW5jdGlvbiUyOCUyOSUyMCU3QiUwQSUyMCUyMCUyMCUyMCUyNCUyOCUyMCUyMiUyM2FwcF8zX2ZvdGthJTIwLmZvdGthLWNvb2wlMjIlMjkuYWRkQ2xhc3MlMjglMjAlMjJvem5hY2ktbWUlMjIlMjAlMjklM0IlMEElMjAlMjAlN0QlMkMlMjBmdW5jdGlvbiUyOCUyOSUyMCU3QiUwQSUyMCUyMCUyMCUyMCUyNCUyOCUyMCUyMiUyM2FwcF8zX2ZvdGthJTIwLmZvdGthLWNvb2wlMjIlMjkucmVtb3ZlQ2xhc3MlMjglMjAlMjJvem5hY2ktbWUlMjIlMjAlMjklM0IlMEElMjAlMjAlN0QlMEElMjklM0IlMEElMEElMjAlMjAlN0QlMjklM0IlMEElM0MlMkZzY3JpcHQlM0U=[\/vc_raw_js][\/vc_column][\/vc_row]<\/p>\n","protected":false},"excerpt":{"rendered":"<p>[vc_row full_width=&#8221;stretch_row&#8221; css=&#8221;.vc_custom_1501061878400{background-image: url(http:\/\/apartmanihrvatin.com\/wp-content\/uploads\/2017\/07\/pattern_bg.jpg?id=31) !important;background-position: 0 0 !important;background-repeat: repeat !important;}&#8221; el_class=&#8221;prvi-div&#8221;][vc_column][vc_column_text] Willkommen in Opatija, touristische Perle der Nordadria. [\/vc_column_text][vc_row_inner content_placement=&#8221;middle&#8221;][vc_column_inner width=&#8221;2\/3&#8243;][vc_single_image image=&#8221;634&#8243; img_size=&#8221;full&#8221;][\/vc_column_inner][vc_column_inner width=&#8221;1\/3&#8243;][vc_column_text css_animation=&#8221;fadeInRightBig&#8221;] Vom<span class=\"excerpt-hellip\"> [\u2026]<\/span><\/p>\n","protected":false},"author":1,"featured_media":0,"parent":0,"menu_order":0,"comment_status":"closed","ping_status":"closed","template":"","meta":[],"_links":{"self":[{"href":"https:\/\/apartmanihrvatin.com\/de\/wp-json\/wp\/v2\/pages\/344"}],"collection":[{"href":"https:\/\/apartmanihrvatin.com\/de\/wp-json\/wp\/v2\/pages"}],"about":[{"href":"https:\/\/apartmanihrvatin.com\/de\/wp-json\/wp\/v2\/types\/page"}],"author":[{"embeddable":true,"href":"https:\/\/apartmanihrvatin.com\/de\/wp-json\/wp\/v2\/users\/1"}],"replies":[{"embeddable":true,"href":"https:\/\/apartmanihrvatin.com\/de\/wp-json\/wp\/v2\/comments?post=344"}],"version-history":[{"count":6,"href":"https:\/\/apartmanihrvatin.com\/de\/wp-json\/wp\/v2\/pages\/344\/revisions"}],"predecessor-version":[{"id":1068,"href":"https:\/\/apartmanihrvatin.com\/de\/wp-json\/wp\/v2\/pages\/344\/revisions\/1068"}],"wp:attachment":[{"href":"https:\/\/apartmanihrvatin.com\/de\/wp-json\/wp\/v2\/media?parent=344"}],"curies":[{"name":"wp","href":"https:\/\/api.w.org\/{rel}","templated":true}]}}